{"id":619,"date":"2020-12-15T09:09:23","date_gmt":"2020-12-15T09:09:23","guid":{"rendered":"http:\/\/atmosphere.ei.tum.de\/?page_id=619"},"modified":"2022-07-14T14:34:40","modified_gmt":"2022-07-14T14:34:40","slug":"theory","status":"publish","type":"page","link":"https:\/\/atmosphere.ei.tum.de\/de\/theory\/","title":{"rendered":"Messprinzip"},"content":{"rendered":"<div data-elementor-type=\"wp-page\" data-elementor-id=\"619\" class=\"elementor elementor-619\" data-elementor-settings=\"[]\">\n\t\t\t\t\t\t<div class=\"elementor-inner\">\n\t\t\t\t\t\t\t<div class=\"elementor-section-wrap\">\n\t\t\t\t\t\t\t<section class=\"elementor-section elementor-top-section elementor-element elementor-element-2981f32 elementor-section-boxed elementor-section-height-default elementor-section-height-default\" data-id=\"2981f32\" data-element_type=\"section\" data-settings=\"{&quot;background_background&quot;:&quot;slideshow&quot;,&quot;background_slideshow_gallery&quot;:[],&quot;background_slideshow_loop&quot;:&quot;yes&quot;,&quot;background_slideshow_slide_duration&quot;:5000,&quot;background_slideshow_slide_transition&quot;:&quot;fade&quot;,&quot;background_slideshow_transition_duration&quot;:500}\">\n\t\t\t\t\t\t<div class=\"elementor-container elementor-column-gap-default\">\n\t\t\t\t\t\t\t<div class=\"elementor-row\">\n\t\t\t\t\t<div class=\"elementor-column elementor-col-100 elementor-top-column elementor-element elementor-element-1b2ccd7\" data-id=\"1b2ccd7\" data-element_type=\"column\">\n\t\t\t<div class=\"elementor-column-wrap elementor-element-populated\">\n\t\t\t\t\t\t\t<div class=\"elementor-widget-wrap\">\n\t\t\t\t\t\t<div class=\"elementor-element elementor-element-fcd4dd9 elementor-widget elementor-widget-html\" data-id=\"fcd4dd9\" data-element_type=\"widget\" data-widget_type=\"html.default\">\n\t\t\t\t<div class=\"elementor-widget-container\">\n\t\t\t<head>\n<meta name=\"viewport\" content=\"width=device-width, initial-scale=1\">\n<link\n    rel=\"stylesheet\"\n    href=\"https:\/\/cdnjs.cloudflare.com\/ajax\/libs\/animate.css\/4.1.1\/animate.min.css\"\n  \/>\n  \n<style>\n.cen{\n    text-align: center;\n}\n.justify{\n    text-align: justify;\n}\n#more {\n    display: none;\n}\n#more2 {\ndisplay: none;\n}\n#more3 {\n    display: none;\n}\n.rounded {\n    border-radius: 0.25rem;\n    overflow: hidden;\n}\nh2 {\n    color: #334155;\n    font-size: 2rem;\n}\n.max-w-p {\n    max-width: 55rem;\n    margin: 0 auto;\n}\np, .paragraph {\n    color: #0F172A;\n    font-weight: 400;\n    padding: 0 0 0 0;\n}\n.animation{\n  animation: zoomIn; \/*ferring directly to the animation's @keyframe declaration *\/\n  animation-duration: 2s; \n}\n.rightin{\n    animation: slideInRight;\n    animation-duration: 2s;\n}\n.leftin{\n    animation: slideInLeft;\n    animation-duration: 2s;\n}\n.drop{\n    animation: slideInDown;\n    animation-duration: 1s;\n}\nbutton {\n    background-color: #BFDBFE !important;\n    color: #1E3A8A !important;\n    font-weight: 600;\n    padding: 0.75rem 1.5rem;\n    border-radius: 0.25rem;\n}\n\nbutton:hover {\n    background-color: #93C5FD !important;\n    color: #1E3A8A !important;\n}\n<\/style>\n<\/head>\n\n<h1 style=\"color: #0F172A; font-size: 3.5rem; font-weight: 400; width: 100%; text-align: center;\">Theorie zu unseren Messungen<\/h1>\t\t<\/div>\n\t\t\t\t<\/div>\n\t\t\t\t\t\t<\/div>\n\t\t\t\t\t<\/div>\n\t\t<\/div>\n\t\t\t\t\t\t\t\t<\/div>\n\t\t\t\t\t<\/div>\n\t\t<\/section>\n\t\t\t\t<section class=\"elementor-section elementor-top-section elementor-element elementor-element-7e3bb42 elementor-section-boxed elementor-section-height-default elementor-section-height-default\" data-id=\"7e3bb42\" data-element_type=\"section\">\n\t\t\t\t\t\t<div class=\"elementor-container elementor-column-gap-default\">\n\t\t\t\t\t\t\t<div class=\"elementor-row\">\n\t\t\t\t\t<div class=\"elementor-column elementor-col-100 elementor-top-column elementor-element elementor-element-9a24a7f\" data-id=\"9a24a7f\" data-element_type=\"column\">\n\t\t\t<div class=\"elementor-column-wrap elementor-element-populated\">\n\t\t\t\t\t\t\t<div class=\"elementor-widget-wrap\">\n\t\t\t\t\t\t<div class=\"elementor-element elementor-element-e3b4960 elementor-widget elementor-widget-text-editor\" data-id=\"e3b4960\" data-element_type=\"widget\" data-widget_type=\"text-editor.default\">\n\t\t\t\t<div class=\"elementor-widget-container\">\n\t\t\t\t\t\t\t\t<div class=\"elementor-text-editor elementor-clearfix\">\n\t\t\t\t<div style=\"max-width: 55rem; margin: 0 auto 5rem auto;\">\n\nAuf dieser Seite wird das von uns verwendete Messprinzip sowie die Sensorsysteme auf einfache Weise dargestellt. Falls Sie in den wissenschaftlichen Details unserer Forschung interessiert sind, laden wir Sie dazu ein, unsere dazugeh\u00f6rigen Publikationen zu lesen:\n<ul style=\"margin-top: 1.25rem;\">\n \t<li style=\"margin-bottom: 0.75rem;\"><strong>Sensornetzwerk und Messsysteme:<\/strong>\n<a href=\"https:\/\/amt.copernicus.org\/articles\/14\/1111\/2021\/amt-14-1111-2021.html\" target=\"_blank\" rel=\"noopener\">Dietrich et al. (2021): <em>MUCCnet \u2013 Munich Urban Carbon Column network<\/em>, Atmospheric Measurement Techniques<\/a><\/li>\n \t<li><strong>Messprinzip<\/strong>\n<a href=\"https:\/\/doi.org\/10.5194\/acp-16-8479-2016\" target=\"_blank\" rel=\"noopener\">Chen et al. (2016): <em>Differential column measurements using compact solar-tracking spectrometers<\/em>, Atmospheric Chemistry and Physics<\/a><\/li>\n<\/ul>\n<\/div>\t\t\t\t\t<\/div>\n\t\t\t\t\t\t<\/div>\n\t\t\t\t<\/div>\n\t\t\t\t\t\t<\/div>\n\t\t\t\t\t<\/div>\n\t\t<\/div>\n\t\t\t\t\t\t\t\t<\/div>\n\t\t\t\t\t<\/div>\n\t\t<\/section>\n\t\t\t\t<section class=\"elementor-section elementor-top-section elementor-element elementor-element-eacadb4 elementor-section-boxed elementor-section-height-default elementor-section-height-default\" data-id=\"eacadb4\" data-element_type=\"section\">\n\t\t\t\t\t\t<div class=\"elementor-container elementor-column-gap-default\">\n\t\t\t\t\t\t\t<div class=\"elementor-row\">\n\t\t\t\t\t<div class=\"elementor-column elementor-col-50 elementor-top-column elementor-element elementor-element-53ba395\" data-id=\"53ba395\" data-element_type=\"column\">\n\t\t\t<div class=\"elementor-column-wrap elementor-element-populated\">\n\t\t\t\t\t\t\t<div class=\"elementor-widget-wrap\">\n\t\t\t\t\t\t<div class=\"elementor-element elementor-element-6ea5418 elementor-widget elementor-widget-html\" data-id=\"6ea5418\" data-element_type=\"widget\" data-widget_type=\"html.default\">\n\t\t\t\t<div class=\"elementor-widget-container\">\n\t\t\t\r\n<h2 style=\"color: #334155; font-size: 2rem; font-weight: 600;\">Wissenschaftliche Fragestellung<\/h2>\r\n<p class=\"justify\"><strong>Um Klimaschutzma\u00dfnahmen effektiv beurteilen zu k\u00f6nnen, sind innovative Messmethoden notwendig. Wir haben dazu ein neues Messsystem entwickelt, welches einen 3D Datensatz der st\u00e4dtischen Treibhausgase erzeugt. <span id=\"dots2\">...<\/span><\/strong><\/p>\r\n\r\n<span id=\"more2\" class=\"\">\r\n\r\n<p>Der Klimawandel ist eines der brisantesten und meistdiskutierten Themen unserer Zeit. Da die Emissionsquellen jedoch noch nicht ausreichend genau quantifiziert werden k\u00f6nnen oder sogar komplett unbekannt sind, ist es schwer, geeignete Gegenma\u00dfnahmen zu ergreifen. Unsere Forschung besch\u00e4ftigt sich deshalb damit, die Emissionsquellen von Treibhausgasen pr\u00e4zise zu bestimmen.\r\n<\/p>\r\n<p>\r\nEin grundlegendes Problem in der Quantifizierung und qualifizierten Bewertung von Emissionsquellen ist die derzeit unzureichende Datenbasis. Aktuelle Modelle basieren meist auf Hochrechnungen unter Verwendung von wenigen realen Messungen. Dieser Ansatz ist allerdings mit gro\u00dfen Unsicherheiten behaftet, da wissenschaftliche Studien gezeigt haben, dass die tats\u00e4chlichen Emissionen deutlich von den Sch\u00e4tzungen abweichen k\u00f6nnen. Deshalb entwickeln wir Sensorsysteme und Messmethoden, um die Treibhausgasemissionen einer gesamten Stadt messtechnisch quantifizieren zu k\u00f6nnen.\r\n<\/p>\r\n<p>\r\nDabei konzentrieren wir uns auf die Messung der sogenannten S\u00e4ulenkonzentration der Treibhausgase, die durch die Analyse des Sonnenspektrums bestimmt werden kann. Bei dieser Messung wird die durchschnittliche Gaskonzentration in der Lufts\u00e4ule zwischen dem Messinstrument und der Sonne bestimmt. Im Vergleich zur Messung einer Punktkonzentration mit einem standardisierten Gassensor, ist die S\u00e4ulenkonzentration ein dreidimensionaler Datensatz, der unempfindlich gegen\u00fcber lokalen Einfl\u00fcssen ist und die globalen Ver\u00e4nderungen der Treibhausgase pr\u00e4ziser repr\u00e4sentiert.  Ein Foto, der f\u00fcr diesen Zweck von uns entwickelten Messsysteme, sehen Sie auf der linken Seite.\r\n<\/p>\r\n<\/span>\r\n<div class=\"container-button\">\r\n<button onclick=\"myFunction2()\" id=\"myBtn2\" class=\"r\">Weiterlesen<\/button>\r\n<\/div>\r\n\r\n<script>\r\nfunction myFunction2() {\r\n  var dots = document.getElementById(\"dots2\");\r\n  var moreText = document.getElementById(\"more2\");\r\n  var btnText = document.getElementById(\"myBtn2\");\r\n\r\n  if (dots.style.display === \"none\") {\r\n    dots.style.display = \"inline\";\r\n    btnText.innerHTML = \"Read more\"; \r\n    moreText.style.display = \"none\";\r\n  } else {\r\n    dots.style.display = \"none\";\r\n    btnText.innerHTML = \"Read less\"; \r\n    moreText.style.display = \"inline\";\r\n  }\r\n}\r\n<\/script>\r\n\r\n\r\n\t\t<\/div>\n\t\t\t\t<\/div>\n\t\t\t\t\t\t<\/div>\n\t\t\t\t\t<\/div>\n\t\t<\/div>\n\t\t\t\t<div class=\"elementor-column elementor-col-50 elementor-top-column elementor-element elementor-element-24408c0\" data-id=\"24408c0\" data-element_type=\"column\">\n\t\t\t<div class=\"elementor-column-wrap elementor-element-populated\">\n\t\t\t\t\t\t\t<div class=\"elementor-widget-wrap\">\n\t\t\t\t\t\t<div class=\"elementor-element elementor-element-03d347c rounded elementor-widget elementor-widget-image\" data-id=\"03d347c\" data-element_type=\"widget\" data-widget_type=\"image.default\">\n\t\t\t\t<div class=\"elementor-widget-container\">\n\t\t\t\t\t\t\t\t<div class=\"elementor-image\">\n\t\t\t\t\t\t\t\t\t\t\t\t<img width=\"1024\" height=\"768\" src=\"https:\/\/atmosphere.ei.tum.de\/wp-content\/uploads\/2020\/12\/dayesm-1024x768.jpg\" class=\"attachment-large size-large\" alt=\"\" loading=\"lazy\" srcset=\"https:\/\/atmosphere.ei.tum.de\/wp-content\/uploads\/2020\/12\/dayesm-1024x768.jpg 1024w, https:\/\/atmosphere.ei.tum.de\/wp-content\/uploads\/2020\/12\/dayesm-300x225.jpg 300w, https:\/\/atmosphere.ei.tum.de\/wp-content\/uploads\/2020\/12\/dayesm-768x576.jpg 768w, https:\/\/atmosphere.ei.tum.de\/wp-content\/uploads\/2020\/12\/dayesm-1536x1152.jpg 1536w, https:\/\/atmosphere.ei.tum.de\/wp-content\/uploads\/2020\/12\/dayesm-2048x1536.jpg 2048w\" sizes=\"(max-width: 1024px) 100vw, 1024px\" \/>\t\t\t\t\t\t\t\t\t\t\t\t\t\t<\/div>\n\t\t\t\t\t\t<\/div>\n\t\t\t\t<\/div>\n\t\t\t\t\t\t<\/div>\n\t\t\t\t\t<\/div>\n\t\t<\/div>\n\t\t\t\t\t\t\t\t<\/div>\n\t\t\t\t\t<\/div>\n\t\t<\/section>\n\t\t\t\t<section class=\"elementor-section elementor-top-section elementor-element elementor-element-f5b3a70 elementor-section-boxed elementor-section-height-default elementor-section-height-default\" data-id=\"f5b3a70\" data-element_type=\"section\">\n\t\t\t\t\t\t<div class=\"elementor-container elementor-column-gap-default\">\n\t\t\t\t\t\t\t<div class=\"elementor-row\">\n\t\t\t\t\t<div class=\"elementor-column elementor-col-100 elementor-top-column elementor-element elementor-element-130f0d6\" data-id=\"130f0d6\" data-element_type=\"column\">\n\t\t\t<div class=\"elementor-column-wrap elementor-element-populated\">\n\t\t\t\t\t\t\t<div class=\"elementor-widget-wrap\">\n\t\t\t\t\t\t<div class=\"elementor-element elementor-element-fc628c3 elementor-widget elementor-widget-spacer\" data-id=\"fc628c3\" data-element_type=\"widget\" data-widget_type=\"spacer.default\">\n\t\t\t\t<div class=\"elementor-widget-container\">\n\t\t\t\t\t<div class=\"elementor-spacer\">\n\t\t\t<div class=\"elementor-spacer-inner\"><\/div>\n\t\t<\/div>\n\t\t\t\t<\/div>\n\t\t\t\t<\/div>\n\t\t\t\t\t\t<\/div>\n\t\t\t\t\t<\/div>\n\t\t<\/div>\n\t\t\t\t\t\t\t\t<\/div>\n\t\t\t\t\t<\/div>\n\t\t<\/section>\n\t\t\t\t<section class=\"elementor-section elementor-top-section elementor-element elementor-element-7908527 elementor-section-boxed elementor-section-height-default elementor-section-height-default\" data-id=\"7908527\" data-element_type=\"section\">\n\t\t\t\t\t\t<div class=\"elementor-container elementor-column-gap-default\">\n\t\t\t\t\t\t\t<div class=\"elementor-row\">\n\t\t\t\t\t<div class=\"elementor-column elementor-col-50 elementor-top-column elementor-element elementor-element-1fd4dda\" data-id=\"1fd4dda\" data-element_type=\"column\">\n\t\t\t<div class=\"elementor-column-wrap elementor-element-populated\">\n\t\t\t\t\t\t\t<div class=\"elementor-widget-wrap\">\n\t\t\t\t\t\t<div class=\"elementor-element elementor-element-a4a0e74 elementor-widget elementor-widget-html\" data-id=\"a4a0e74\" data-element_type=\"widget\" data-widget_type=\"html.default\">\n\t\t\t\t<div class=\"elementor-widget-container\">\n\t\t\t\r\n<h2 style=\"color: #334155; font-size: 2rem; font-weight: 600;\">Sensornetzwerk<\/h2>\r\n<p class=\"justify\"><strong>Seit September 2019 existiert in M\u00fcnchen das erste vollautomatisches Sensornetzwerk zu Quantifizierung der st\u00e4dtischen Treibhausgasemissionen. <span id=\"dots\">...<\/span><\/strong><\/p>\r\n\r\n<span id=\"more\">\r\n<p>\r\nIm September 2019 errichteten wir das weltweite erste vollautomatische Sensornetzwerk zur station\u00e4ren Messung von st\u00e4dtischen Treibhausgasemissionen. Es besteht aus f\u00fcnf, der von uns entwickelten, hochpr\u00e4zisen FTIR-Spektrometer-Systemen (siehe oben). Eine Karte der f\u00fcnf Standorte ist in der Abbildung rechts in Gr\u00fcn dargestellt. In Rot sehen Sie eine alternative Konfiguration der Sensoren, welche wir in unser einmonatigen Messkampagne im August 2018 getestet haben.\r\n<\/p>\r\n<p>\r\nDas Sensornetzwerk erm\u00f6glicht uns erstmalig die langfristige Beobachtung der st\u00e4dtischen Treibhausgasemissionen mithilfe eines dreidimensionalen Messprinzips. Somit gibt es neben den etablierten Berechnungen der M\u00fcnchner Treibhausgasemissionen nun erstmalig auch einen Vergleichsdatensatz, der auf realen Messungen basiert. Neben dieser neuartigen M\u00f6glichkeit, die Wirksamkeit von Klimaschutzma\u00dfnahmen erstmals messtechnisch beurteilen zu k\u00f6nnen, bietet das Netzwerk auch die einmalige Chance zur Kalibrierung von Treibhausgas-Satelliten wie z.B. den beiden NASA Satelliten OCO-2 und OCO-3.\r\n<\/p>\r\n<\/span>\r\n<button onclick=\"myFunction()\" id=\"myBtn\">Weiterlesen<\/button>\r\n\r\n<script>\r\nfunction myFunction() {\r\n  var dots = document.getElementById(\"dots\");\r\n  var moreText = document.getElementById(\"more\");\r\n  var btnText = document.getElementById(\"myBtn\");\r\n\r\n  if (dots.style.display === \"none\") {\r\n    dots.style.display = \"inline\";\r\n    btnText.innerHTML = \"Read more\"; \r\n    moreText.style.display = \"none\";\r\n  } else {\r\n    dots.style.display = \"none\";\r\n    btnText.innerHTML = \"Read less\"; \r\n    moreText.style.display = \"inline\";\r\n  }\r\n}\r\n<\/script>\r\n\t\t<\/div>\n\t\t\t\t<\/div>\n\t\t\t\t\t\t<\/div>\n\t\t\t\t\t<\/div>\n\t\t<\/div>\n\t\t\t\t<div class=\"elementor-column elementor-col-50 elementor-top-column elementor-element elementor-element-4f5cff8\" data-id=\"4f5cff8\" data-element_type=\"column\">\n\t\t\t<div class=\"elementor-column-wrap elementor-element-populated\">\n\t\t\t\t\t\t\t<div class=\"elementor-widget-wrap\">\n\t\t\t\t\t\t<div class=\"elementor-element elementor-element-ea79c16 elementor-hidden-phone elementor-widget elementor-widget-image\" data-id=\"ea79c16\" data-element_type=\"widget\" data-widget_type=\"image.default\">\n\t\t\t\t<div class=\"elementor-widget-container\">\n\t\t\t\t\t\t\t\t<div class=\"elementor-image\">\n\t\t\t\t\t\t\t\t\t\t\t\t<img width=\"1024\" height=\"611\" src=\"https:\/\/atmosphere.ei.tum.de\/wp-content\/uploads\/2020\/12\/esm-1024x611.png\" class=\"attachment-large size-large\" alt=\"\" loading=\"lazy\" srcset=\"https:\/\/atmosphere.ei.tum.de\/wp-content\/uploads\/2020\/12\/esm-1024x611.png 1024w, https:\/\/atmosphere.ei.tum.de\/wp-content\/uploads\/2020\/12\/esm-300x179.png 300w, https:\/\/atmosphere.ei.tum.de\/wp-content\/uploads\/2020\/12\/esm-768x458.png 768w, https:\/\/atmosphere.ei.tum.de\/wp-content\/uploads\/2020\/12\/esm.png 1200w\" sizes=\"(max-width: 1024px) 100vw, 1024px\" \/>\t\t\t\t\t\t\t\t\t\t\t\t\t\t<\/div>\n\t\t\t\t\t\t<\/div>\n\t\t\t\t<\/div>\n\t\t\t\t\t\t<\/div>\n\t\t\t\t\t<\/div>\n\t\t<\/div>\n\t\t\t\t\t\t\t\t<\/div>\n\t\t\t\t\t<\/div>\n\t\t<\/section>\n\t\t\t\t<section class=\"elementor-section elementor-top-section elementor-element elementor-element-6f16b8f elementor-section-boxed elementor-section-height-default elementor-section-height-default\" data-id=\"6f16b8f\" data-element_type=\"section\">\n\t\t\t\t\t\t<div class=\"elementor-container elementor-column-gap-default\">\n\t\t\t\t\t\t\t<div class=\"elementor-row\">\n\t\t\t\t\t<div class=\"elementor-column elementor-col-100 elementor-top-column elementor-element elementor-element-4758e27\" data-id=\"4758e27\" data-element_type=\"column\">\n\t\t\t<div class=\"elementor-column-wrap elementor-element-populated\">\n\t\t\t\t\t\t\t<div class=\"elementor-widget-wrap\">\n\t\t\t\t\t\t<div class=\"elementor-element elementor-element-201adc1 elementor-widget elementor-widget-spacer\" data-id=\"201adc1\" data-element_type=\"widget\" data-widget_type=\"spacer.default\">\n\t\t\t\t<div class=\"elementor-widget-container\">\n\t\t\t\t\t<div class=\"elementor-spacer\">\n\t\t\t<div class=\"elementor-spacer-inner\"><\/div>\n\t\t<\/div>\n\t\t\t\t<\/div>\n\t\t\t\t<\/div>\n\t\t\t\t\t\t<\/div>\n\t\t\t\t\t<\/div>\n\t\t<\/div>\n\t\t\t\t\t\t\t\t<\/div>\n\t\t\t\t\t<\/div>\n\t\t<\/section>\n\t\t\t\t<section class=\"elementor-section elementor-top-section elementor-element elementor-element-ec83b71 elementor-section-boxed elementor-section-height-default elementor-section-height-default\" data-id=\"ec83b71\" data-element_type=\"section\">\n\t\t\t\t\t\t<div class=\"elementor-container elementor-column-gap-default\">\n\t\t\t\t\t\t\t<div class=\"elementor-row\">\n\t\t\t\t\t<div class=\"elementor-column elementor-col-50 elementor-top-column elementor-element elementor-element-5d3f24c\" data-id=\"5d3f24c\" data-element_type=\"column\">\n\t\t\t<div class=\"elementor-column-wrap elementor-element-populated\">\n\t\t\t\t\t\t\t<div class=\"elementor-widget-wrap\">\n\t\t\t\t\t\t<div class=\"elementor-element elementor-element-0fb69c1 elementor-widget elementor-widget-html\" data-id=\"0fb69c1\" data-element_type=\"widget\" data-widget_type=\"html.default\">\n\t\t\t\t<div class=\"elementor-widget-container\">\n\t\t\t<body>\r\n\r\n<h2 style=\"color: #334155; font-size: 2rem; font-weight: 600;\">Emissionsbestimmung<\/h2>\r\n\r\n<p class=\"justify paragraph\"><strong>Da das Ziel von Klimaschutzma\u00dfnahmen die Reduktion von Treibhausgasemissionen ist, m\u00fcssen die gemessenen Konzentrationen noch in Emissionen umgerechnet werden. Wir haben mit der DCM Methode f\u00fcr diesen Zweck ein entsprechendes Modell entwickelt. <span id=\"dots3\">...<\/span><\/strong><\/p>\r\n\r\n<span id=\"more3\"> \r\n<p>Mithilfe unserer Messsysteme k\u00f6nnen zwar die Konzentrationen der Treibhausgase quantifiziert werden, nicht jedoch die Emissionen. Da Klimaschutzabkommen jedoch als Ziel die Reduktion von Emissionen und nicht von Konzentrationen vorgeben, m\u00fcssen Konzentrationen zus\u00e4tzlich in Emissionen umgerechnet werden. Der Unterschied zwischen diesen beiden Gr\u00f6\u00dfen ist, dass Emissionen den Aussto\u00df eines Gases aus einer Quelle (z.B. Schornstein oder Auspuff) beschreiben, w\u00e4hrend Konzentrationen die Anreicherung eines bestimmten Gases in der Umgebungsluft darstellen (also z.B. die Anzahl von CO2 Molek\u00fclen in einem Kubikmeter Luft). Hohe Konzentrationen sind somit ein Resultat hoher Emissionen.<\/p>\r\n<p>\r\nZur Bestimmung der Emissionen haben wir die sogenannte Differenzielle S\u00e4ulenmethode (DCM) entwickelt. Kern der Methode ist die differenzielle Messung der S\u00e4ulenkonzentrationen (gemittelte Gaskonzentration in der Lufts\u00e4ule zwischen Sensor und Lichtquelle) auf der Luv- und der Leeseite der Emissionsquelle, wobei keine k\u00fcnstliche Lichtquelle, sondern die Sonne verwendet wird.\r\n<\/p>\r\n<p>\r\nEine vereinfachte Illustration dieser Methode ist in der Abbildung links dargestellt. W\u00e4hrend der Sensor, der in Windrichtung vor der Stadt aufgestellt ist, die Hintergrundkonzentration misst, enthalten die Messungen des Sensors, der hinter der Stadt steht, zus\u00e4tzlich zur Hintergrundkonzentration auch die st\u00e4dtischen Abgase. Vereinfacht ausgedr\u00fcckt repr\u00e4sentiert die Differenz zwischen diesen beiden Messungen somit die Emissionen, die in der Stadt generiert worden sind.  \r\n<\/p>\r\n<\/span>\r\n\r\n<button onclick=\"myFunction3()\" id=\"myBtn3\" class=\"r\">Weiterlesen<\/button>\r\n\r\n<script>\r\nfunction myFunction3() {\r\n  var dots = document.getElementById(\"dots3\");\r\n  var moreText = document.getElementById(\"more3\");\r\n  var btnText = document.getElementById(\"myBtn3\");\r\n\r\n  if (dots.style.display === \"none\") {\r\n    dots.style.display = \"inline\";\r\n    btnText.innerHTML = \"Read more\"; \r\n    moreText.style.display = \"none\";\r\n  } else {\r\n    dots.style.display = \"none\";\r\n    btnText.innerHTML = \"Read less\"; \r\n    moreText.style.display = \"inline\";\r\n  }\r\n}\r\n<\/script>\r\n<\/body>\t\t<\/div>\n\t\t\t\t<\/div>\n\t\t\t\t\t\t<\/div>\n\t\t\t\t\t<\/div>\n\t\t<\/div>\n\t\t\t\t<div class=\"elementor-column elementor-col-50 elementor-top-column elementor-element elementor-element-b5b5816\" data-id=\"b5b5816\" data-element_type=\"column\">\n\t\t\t<div class=\"elementor-column-wrap elementor-element-populated\">\n\t\t\t\t\t\t\t<div class=\"elementor-widget-wrap\">\n\t\t\t\t\t\t<div class=\"elementor-element elementor-element-b65adac rounded elementor-widget elementor-widget-image\" data-id=\"b65adac\" data-element_type=\"widget\" data-widget_type=\"image.default\">\n\t\t\t\t<div class=\"elementor-widget-container\">\n\t\t\t\t\t\t\t\t<div class=\"elementor-image\">\n\t\t\t\t\t\t\t\t\t\t\t\t<img width=\"790\" height=\"611\" src=\"https:\/\/atmosphere.ei.tum.de\/wp-content\/uploads\/2020\/12\/measurement_principle.png\" class=\"attachment-large size-large\" alt=\"\" loading=\"lazy\" srcset=\"https:\/\/atmosphere.ei.tum.de\/wp-content\/uploads\/2020\/12\/measurement_principle.png 790w, https:\/\/atmosphere.ei.tum.de\/wp-content\/uploads\/2020\/12\/measurement_principle-300x232.png 300w, https:\/\/atmosphere.ei.tum.de\/wp-content\/uploads\/2020\/12\/measurement_principle-768x594.png 768w\" sizes=\"(max-width: 790px) 100vw, 790px\" \/>\t\t\t\t\t\t\t\t\t\t\t\t\t\t<\/div>\n\t\t\t\t\t\t<\/div>\n\t\t\t\t<\/div>\n\t\t\t\t\t\t<\/div>\n\t\t\t\t\t<\/div>\n\t\t<\/div>\n\t\t\t\t\t\t\t\t<\/div>\n\t\t\t\t\t<\/div>\n\t\t<\/section>\n\t\t\t\t<section class=\"elementor-section elementor-top-section elementor-element elementor-element-8fe066d elementor-section-boxed elementor-section-height-default elementor-section-height-default\" data-id=\"8fe066d\" data-element_type=\"section\">\n\t\t\t\t\t\t<div class=\"elementor-container elementor-column-gap-default\">\n\t\t\t\t\t\t\t<div class=\"elementor-row\">\n\t\t\t\t\t\t\t\t\t<\/div>\n\t\t\t\t\t<\/div>\n\t\t<\/section>\n\t\t\t\t<section class=\"elementor-section elementor-top-section elementor-element elementor-element-00a9d94 elementor-section-boxed elementor-section-height-default elementor-section-height-default\" data-id=\"00a9d94\" data-element_type=\"section\">\n\t\t\t\t\t\t<div class=\"elementor-container elementor-column-gap-default\">\n\t\t\t\t\t\t\t<div class=\"elementor-row\">\n\t\t\t\t\t<div class=\"elementor-column elementor-col-100 elementor-top-column elementor-element elementor-element-9c2a756\" data-id=\"9c2a756\" data-element_type=\"column\">\n\t\t\t<div class=\"elementor-column-wrap elementor-element-populated\">\n\t\t\t\t\t\t\t<div class=\"elementor-widget-wrap\">\n\t\t\t\t\t\t<div class=\"elementor-element elementor-element-52b4693 max-w-p elementor-widget elementor-widget-heading\" data-id=\"52b4693\" data-element_type=\"widget\" data-widget_type=\"heading.default\">\n\t\t\t\t<div class=\"elementor-widget-container\">\n\t\t\t<h2 class=\"elementor-heading-title elementor-size-large\">BR-Abendschau Beitrag, 8. April 2021<\/h2>\t\t<\/div>\n\t\t\t\t<\/div>\n\t\t\t\t<div class=\"elementor-element elementor-element-3b82722 article elementor-widget elementor-widget-text-editor\" data-id=\"3b82722\" data-element_type=\"widget\" data-widget_type=\"text-editor.default\">\n\t\t\t\t<div class=\"elementor-widget-container\">\n\t\t\t\t\t\t\t\t<div class=\"elementor-text-editor elementor-clearfix\">\n\t\t\t\t<p class=\"max-w-p\">Der Bayerische Rundfunk berichtete im Fernsehen \u00fcber unser Sensornetzwerk MUCCnet. Das Video dauert 2:44 Minuten und fasst unsere wichtigsten Errungenschaften und Ziele zusammen (nur in Deutsch verf\u00fcgbar).<\/p>\t\t\t\t\t<\/div>\n\t\t\t\t\t\t<\/div>\n\t\t\t\t<\/div>\n\t\t\t\t<div class=\"elementor-element elementor-element-3c125b1 max-w-p rounded elementor-aspect-ratio-169 elementor-widget elementor-widget-video\" data-id=\"3c125b1\" data-element_type=\"widget\" data-settings=\"{&quot;video_type&quot;:&quot;hosted&quot;,&quot;controls&quot;:&quot;yes&quot;,&quot;aspect_ratio&quot;:&quot;169&quot;}\" data-widget_type=\"video.default\">\n\t\t\t\t<div class=\"elementor-widget-container\">\n\t\t\t\t\t<div class=\"e-hosted-video elementor-wrapper elementor-fit-aspect-ratio elementor-open-inline\">\n\t\t\t\t\t<video class=\"elementor-video\" src=\"https:\/\/www.ee.cit.tum.de\/fileadmin\/w00cfk\/esm\/Video\/20210408_AbendschauMUCCnetKlein_1.mp4\" controls=\"\" controlslist=\"nodownload\"><\/video>\n\t\t\t\t<\/div>\n\t\t\t\t<\/div>\n\t\t\t\t<\/div>\n\t\t\t\t\t\t<\/div>\n\t\t\t\t\t<\/div>\n\t\t<\/div>\n\t\t\t\t\t\t\t\t<\/div>\n\t\t\t\t\t<\/div>\n\t\t<\/section>\n\t\t\t\t\t\t<\/div>\n\t\t\t\t\t\t<\/div>\n\t\t\t\t\t<\/div>","protected":false},"excerpt":{"rendered":"<p>Column Measurement Theory On this page, the measurement principle we use as well as the sensor systems are presented in an easily understandable way. If you are interested in the scientific details of our research, we invite you to read our related publications: Sensor network and measurement systems: Dietrich et al. (2021): MUCCnet \u2013 Munich &hellip;<\/p>\n<p class=\"read-more\"> <a class=\"\" href=\"https:\/\/atmosphere.ei.tum.de\/de\/theory\/\"> <span class=\"screen-reader-text\">Messprinzip<\/span> Weiterlesen &raquo;<\/a><\/p>","protected":false},"author":1,"featured_media":0,"parent":0,"menu_order":0,"comment_status":"closed","ping_status":"closed","template":"","meta":[],"_links":{"self":[{"href":"https:\/\/atmosphere.ei.tum.de\/de\/wp-json\/wp\/v2\/pages\/619"}],"collection":[{"href":"https:\/\/atmosphere.ei.tum.de\/de\/wp-json\/wp\/v2\/pages"}],"about":[{"href":"https:\/\/atmosphere.ei.tum.de\/de\/wp-json\/wp\/v2\/types\/page"}],"author":[{"embeddable":true,"href":"https:\/\/atmosphere.ei.tum.de\/de\/wp-json\/wp\/v2\/users\/1"}],"replies":[{"embeddable":true,"href":"https:\/\/atmosphere.ei.tum.de\/de\/wp-json\/wp\/v2\/comments?post=619"}],"version-history":[{"count":143,"href":"https:\/\/atmosphere.ei.tum.de\/de\/wp-json\/wp\/v2\/pages\/619\/revisions"}],"predecessor-version":[{"id":1260,"href":"https:\/\/atmosphere.ei.tum.de\/de\/wp-json\/wp\/v2\/pages\/619\/revisions\/1260"}],"wp:attachment":[{"href":"https:\/\/atmosphere.ei.tum.de\/de\/wp-json\/wp\/v2\/media?parent=619"}],"curies":[{"name":"wp","href":"https:\/\/api.w.org\/{rel}","templated":true}]}}